{"id":41,"date":"2014-06-10T22:14:42","date_gmt":"2014-06-10T21:14:42","guid":{"rendered":"http:\/\/localhost\/wordpress\/?page_id=41"},"modified":"2026-03-16T13:59:04","modified_gmt":"2026-03-16T16:59:04","slug":"sobre-nos","status":"publish","type":"page","link":"https:\/\/taubatelas.com.br\/?page_id=41","title":{"rendered":"Sobre N\u00f3s"},"content":{"rendered":"<p>[vc_row css=&#8221;.vc_custom_1423863729750{padding-top: 70px !important;padding-bottom: 70px !important;}&#8221;][vc_column width=&#8221;1\/2&#8243; txt_column_align=&#8221;txt-right&#8221; css=&#8221;.vc_custom_1423864281237{padding-right: 4% !important;padding-left: 4% !important;}&#8221;]<h2 class=\"txt-right\" >Tradi\u00e7\u00e3o e Qualidade<\/h2>[vc_column_text]Atuamos no mercado, desde 1985, atendendo com agilidade e qualidade \u00e0s necessidades de cada projeto. Somos ind\u00fastria e\u00a0com\u00e9rcio de telas para\u00a0<strong>alambrados<\/strong> galvanizados, pvc, <strong>alambrados<\/strong> com tela art\u00edstica e mour\u00f5es de concreto. Utilizamos mat\u00e9rias primas de qualidade e contamos com uma equipe de profissionais qualificados para atender bem e auxiliar voc\u00ea na escolha do produto adequado \u00e0 sua obra.<\/p>\n<div class=\"to-spacer \"><\/div>\n<p>[\/vc_column_text][vc_column_text][\/vc_column_text][\/vc_column][vc_column width=&#8221;1\/2&#8243; css=&#8221;.vc_custom_1423864286185{padding-right: 4% !important;padding-left: 4% !important;}&#8221;]<h2 class=\"txt-left\" >Alambrados em Taubat\u00e9<\/h2>[vc_column_text]<\/p>\n<p style=\"text-align: left;\">Atuamos em Taubat\u00e9 e regi\u00f5es pr\u00f3ximas.\u00a0Nossos produtos s\u00e3o fabricados obedecendo as mais modernas t\u00e9cnicas e normas, garantindo um excelente resultado final. Temos as solu\u00e7\u00f5es ideais para <strong>alambrados em Taubat\u00e9,<\/strong>\u00a0atendendo sua obra ou projeto de acordo com as necessidades de cada espa\u00e7o ou local. Consulte nossos produtos dispon\u00edveis e conhe\u00e7a melhor nossa empresa. Fale conosco e saiba mais.<\/p>\n<p>[\/vc_column_text][\/vc_column][\/vc_row][vc_row to_para_bg=&#8221;side-image&#8221; to_para_img=&#8221;https:\/\/taubatelas.com.br\/wp-content\/uploads\/2014\/06\/Maquina-de-fazer-tela.jpg&#8221; css=&#8221;.vc_custom_1494462030145{padding-top: 70px !important;padding-bottom: 70px !important;background-color: #f5f6fa !important;}&#8221;][vc_column]<h2 class=\"txt-left\" >Informa\u00e7\u00f5es de contato<\/h2>[vc_column_text]Hor\u00e1rio de funcionamento:<\/p>\n<p>Segunda a sexta: <strong>08h \u00e0s 18h<\/strong><\/p>\n<p>S\u00e1bado: <strong>Atendimento somente por WhatsApp<\/strong><\/p>\n<p>Rua Prof. Aquilino Cyriaco Gra\u00e7a, 70 &#8211; Independ\u00eancia &#8211; Taubat\u00e9 &#8211; SP<\/p>\n<p>(12) 3681-3977<br \/>\n[\/vc_column_text][\/vc_column][\/vc_row][vc_row to_para_bg=&#8221;image&#8221; to_para_over_set=&#8221;overlay&#8221; to_para_over_color=&#8221;#ffffff&#8221; to_para_over_opacity=&#8221;0.9&#8243; css=&#8221;.vc_custom_1475163653401{padding-top: 100px !important;padding-bottom: 100px !important;background-color: #ededed !important;}&#8221; to_para_img=&#8221;https:\/\/taubatelas.com.br\/wp-content\/uploads\/2016\/09\/mobius-placeholder-6.png&#8221;][vc_column width=&#8221;1\/3&#8243;][vc_widget_sidebar sidebar_id=&#8221;sidebar-2&#8243;][\/vc_column][vc_column width=&#8221;1\/3&#8243;][vc_widget_sidebar sidebar_id=&#8221;sidebar-3&#8243;][\/vc_column][vc_column width=&#8221;1\/3&#8243;][vc_widget_sidebar sidebar_id=&#8221;sidebar-5&#8243;][\/vc_column][\/vc_row]<\/p>\n","protected":false},"excerpt":{"rendered":"<p>[vc_row css=&#8221;.vc_custom_1423863729750{padding-top: 70px !important;padding-bottom: 70px !important;}&#8221;][vc_column width=&#8221;1\/2&#8243; txt_column_align=&#8221;txt-right&#8221; css=&#8221;.vc_custom_1423864281237{padding-right: 4% !important;padding-left: 4% !important;}&#8221;][vc_column_text]Atuamos no mercado, desde 1985, atendendo com agilidade e qualidade \u00e0s necessidades de cada projeto. Somos ind\u00fastria e\u00a0com\u00e9rcio de telas para\u00a0alambrados galvanizados, pvc, alambrados com tela art\u00edstica e mour\u00f5es de concreto. Utilizamos mat\u00e9rias primas de qualidade e contamos com uma equipe de profissionais qualificados para atender bem e auxiliar voc\u00ea na escolha do produto adequado \u00e0 sua obra. [\/vc_column_text][vc_column_text][\/vc_column_text][\/vc_column][vc_column width=&#8221;1\/2&#8243; css=&#8221;.vc_custom_1423864286185{padding-right: 4% !important;padding-left: 4% !important;}&#8221;][vc_column_text] Atuamos em Taubat\u00e9 e regi\u00f5es pr\u00f3ximas.\u00a0Nossos produtos s\u00e3o fabricados obedecendo as mais modernas t\u00e9cnicas e normas, garantindo um excelente resultado final. Temos as solu\u00e7\u00f5es ideais para alambrados em Taubat\u00e9,\u00a0atendendo sua obra ou projeto de acordo com as necessidades de cada espa\u00e7o ou local. Consulte nossos produtos dispon\u00edveis e conhe\u00e7a melhor nossa empresa. Fale conosco e saiba mais. [\/vc_column_text][\/vc_column][\/vc_row][vc_row to_para_bg=&#8221;side-image&#8221; to_para_img=&#8221;https:\/\/taubatelas.com.br\/wp-content\/uploads\/2014\/06\/Maquina-de-fazer-tela.jpg&#8221; css=&#8221;.vc_custom_1494462030145{padding-top: 70px !important;padding-bottom: 70px !important;background-color: #f5f6fa !important;}&#8221;][vc_column][vc_column_text]Hor\u00e1rio de funcionamento: Segunda a sexta: 08h<\/p>\n","protected":false},"author":1,"featured_media":0,"parent":0,"menu_order":0,"comment_status":"open","ping_status":"open","template":"","meta":[],"yoast_head":"<!-- This site is optimized with the Yoast SEO plugin v21.0 - https:\/\/yoast.com\/wordpress\/plugins\/seo\/ -->\n<title>Alambrados em Taubat\u00e9 e regi\u00e3o. Fabrica\u00e7\u00e3o, venda e instala\u00e7\u00e3o.<\/title>\n<meta name=\"description\" content=\"Ind\u00fastria e com\u00e9rcio de telas e mour\u00f5es para alambrados. Produtos de \u00f3tima qualidade e excelente pre\u00e7o. Visite nosso site e solicite or\u00e7amento!\" \/>\n<meta name=\"robots\" content=\"index, follow, max-snippet:-1, max-image-preview:large, max-video-preview:-1\" \/>\n<link rel=\"canonical\" href=\"https:\/\/taubatelas.com.br\/?page_id=41\" \/>\n<meta property=\"og:locale\" content=\"pt_BR\" \/>\n<meta property=\"og:type\" content=\"article\" \/>\n<meta property=\"og:title\" content=\"Alambrados em Taubat\u00e9 e regi\u00e3o. Fabrica\u00e7\u00e3o, venda e instala\u00e7\u00e3o.\" \/>\n<meta property=\"og:description\" content=\"Ind\u00fastria e com\u00e9rcio de telas e mour\u00f5es para alambrados. Produtos de \u00f3tima qualidade e excelente pre\u00e7o. Visite nosso site e solicite or\u00e7amento!\" \/>\n<meta property=\"og:url\" content=\"https:\/\/taubatelas.com.br\/?page_id=41\" \/>\n<meta property=\"og:site_name\" content=\"Taubatelas\" \/>\n<meta property=\"article:modified_time\" content=\"2026-03-16T16:59:04+00:00\" \/>\n<meta name=\"twitter:card\" content=\"summary_large_image\" \/>\n<meta name=\"twitter:label1\" content=\"Est. tempo de leitura\" \/>\n\t<meta name=\"twitter:data1\" content=\"2 minutos\" \/>\n<script type=\"application\/ld+json\" class=\"yoast-schema-graph\">{\"@context\":\"https:\/\/schema.org\",\"@graph\":[{\"@type\":\"WebPage\",\"@id\":\"https:\/\/taubatelas.com.br\/?page_id=41\",\"url\":\"https:\/\/taubatelas.com.br\/?page_id=41\",\"name\":\"Alambrados em Taubat\u00e9 e regi\u00e3o. Fabrica\u00e7\u00e3o, venda e instala\u00e7\u00e3o.\",\"isPartOf\":{\"@id\":\"https:\/\/taubatelas.com.br\/#website\"},\"datePublished\":\"2014-06-10T21:14:42+00:00\",\"dateModified\":\"2026-03-16T16:59:04+00:00\",\"description\":\"Ind\u00fastria e com\u00e9rcio de telas e mour\u00f5es para alambrados. Produtos de \u00f3tima qualidade e excelente pre\u00e7o. Visite nosso site e solicite or\u00e7amento!\",\"breadcrumb\":{\"@id\":\"https:\/\/taubatelas.com.br\/?page_id=41#breadcrumb\"},\"inLanguage\":\"pt-BR\",\"potentialAction\":[{\"@type\":\"ReadAction\",\"target\":[\"https:\/\/taubatelas.com.br\/?page_id=41\"]}]},{\"@type\":\"BreadcrumbList\",\"@id\":\"https:\/\/taubatelas.com.br\/?page_id=41#breadcrumb\",\"itemListElement\":[{\"@type\":\"ListItem\",\"position\":1,\"name\":\"In\u00edcio\",\"item\":\"https:\/\/taubatelas.com.br\/\"},{\"@type\":\"ListItem\",\"position\":2,\"name\":\"Sobre N\u00f3s\"}]},{\"@type\":\"WebSite\",\"@id\":\"https:\/\/taubatelas.com.br\/#website\",\"url\":\"https:\/\/taubatelas.com.br\/\",\"name\":\"Taubatelas\",\"description\":\"Telas, Alambrados e Mor\u00f5es do Concreto\",\"potentialAction\":[{\"@type\":\"SearchAction\",\"target\":{\"@type\":\"EntryPoint\",\"urlTemplate\":\"https:\/\/taubatelas.com.br\/?s={search_term_string}\"},\"query-input\":\"required name=search_term_string\"}],\"inLanguage\":\"pt-BR\"}]}<\/script>\n<!-- \/ Yoast SEO plugin. -->","yoast_head_json":{"title":"Alambrados em Taubat\u00e9 e regi\u00e3o. Fabrica\u00e7\u00e3o, venda e instala\u00e7\u00e3o.","description":"Ind\u00fastria e com\u00e9rcio de telas e mour\u00f5es para alambrados. Produtos de \u00f3tima qualidade e excelente pre\u00e7o. Visite nosso site e solicite or\u00e7amento!","robots":{"index":"index","follow":"follow","max-snippet":"max-snippet:-1","max-image-preview":"max-image-preview:large","max-video-preview":"max-video-preview:-1"},"canonical":"https:\/\/taubatelas.com.br\/?page_id=41","og_locale":"pt_BR","og_type":"article","og_title":"Alambrados em Taubat\u00e9 e regi\u00e3o. Fabrica\u00e7\u00e3o, venda e instala\u00e7\u00e3o.","og_description":"Ind\u00fastria e com\u00e9rcio de telas e mour\u00f5es para alambrados. Produtos de \u00f3tima qualidade e excelente pre\u00e7o. Visite nosso site e solicite or\u00e7amento!","og_url":"https:\/\/taubatelas.com.br\/?page_id=41","og_site_name":"Taubatelas","article_modified_time":"2026-03-16T16:59:04+00:00","twitter_card":"summary_large_image","twitter_misc":{"Est. tempo de leitura":"2 minutos"},"schema":{"@context":"https:\/\/schema.org","@graph":[{"@type":"WebPage","@id":"https:\/\/taubatelas.com.br\/?page_id=41","url":"https:\/\/taubatelas.com.br\/?page_id=41","name":"Alambrados em Taubat\u00e9 e regi\u00e3o. Fabrica\u00e7\u00e3o, venda e instala\u00e7\u00e3o.","isPartOf":{"@id":"https:\/\/taubatelas.com.br\/#website"},"datePublished":"2014-06-10T21:14:42+00:00","dateModified":"2026-03-16T16:59:04+00:00","description":"Ind\u00fastria e com\u00e9rcio de telas e mour\u00f5es para alambrados. Produtos de \u00f3tima qualidade e excelente pre\u00e7o. Visite nosso site e solicite or\u00e7amento!","breadcrumb":{"@id":"https:\/\/taubatelas.com.br\/?page_id=41#breadcrumb"},"inLanguage":"pt-BR","potentialAction":[{"@type":"ReadAction","target":["https:\/\/taubatelas.com.br\/?page_id=41"]}]},{"@type":"BreadcrumbList","@id":"https:\/\/taubatelas.com.br\/?page_id=41#breadcrumb","itemListElement":[{"@type":"ListItem","position":1,"name":"In\u00edcio","item":"https:\/\/taubatelas.com.br\/"},{"@type":"ListItem","position":2,"name":"Sobre N\u00f3s"}]},{"@type":"WebSite","@id":"https:\/\/taubatelas.com.br\/#website","url":"https:\/\/taubatelas.com.br\/","name":"Taubatelas","description":"Telas, Alambrados e Mor\u00f5es do Concreto","potentialAction":[{"@type":"SearchAction","target":{"@type":"EntryPoint","urlTemplate":"https:\/\/taubatelas.com.br\/?s={search_term_string}"},"query-input":"required name=search_term_string"}],"inLanguage":"pt-BR"}]}},"_links":{"self":[{"href":"https:\/\/taubatelas.com.br\/index.php?rest_route=\/wp\/v2\/pages\/41"}],"collection":[{"href":"https:\/\/taubatelas.com.br\/index.php?rest_route=\/wp\/v2\/pages"}],"about":[{"href":"https:\/\/taubatelas.com.br\/index.php?rest_route=\/wp\/v2\/types\/page"}],"author":[{"embeddable":true,"href":"https:\/\/taubatelas.com.br\/index.php?rest_route=\/wp\/v2\/users\/1"}],"replies":[{"embeddable":true,"href":"https:\/\/taubatelas.com.br\/index.php?rest_route=%2Fwp%2Fv2%2Fcomments&post=41"}],"version-history":[{"count":48,"href":"https:\/\/taubatelas.com.br\/index.php?rest_route=\/wp\/v2\/pages\/41\/revisions"}],"predecessor-version":[{"id":375,"href":"https:\/\/taubatelas.com.br\/index.php?rest_route=\/wp\/v2\/pages\/41\/revisions\/375"}],"wp:attachment":[{"href":"https:\/\/taubatelas.com.br\/index.php?rest_route=%2Fwp%2Fv2%2Fmedia&parent=41"}],"curies":[{"name":"wp","href":"https:\/\/api.w.org\/{rel}","templated":true}]}}