{"id":39,"date":"2014-05-21T21:29:25","date_gmt":"2014-05-21T20:29:25","guid":{"rendered":"http:\/\/localhost\/wordpress\/?page_id=39"},"modified":"2026-03-16T13:57:51","modified_gmt":"2026-03-16T16:57:51","slug":"telas-e-alambrados-em-taubate-taubatelas","status":"publish","type":"page","link":"https:\/\/taubatelas.com.br\/","title":{"rendered":"Telas e Alambrados em Taubat\u00e9 | Taubatelas"},"content":{"rendered":"<p>[vc_row css=&#8221;.vc_custom_1423932559805{padding-top: 70px !important;padding-bottom: 70px !important;}&#8221;][vc_column]<h2 class=\"txt-center\" >Fabrica\u00e7\u00e3o &#8211; Venda &#8211; Instala\u00e7\u00e3o<\/h2><span class=\"subtitle txt-center h2\" >Ind\u00fastria e com\u00e9rcio de telas e alambrados em Taubat\u00e9 e regi\u00e3o. Tela galvanizada, pvc, tela art\u00edstica e mour\u00f5es de concreto. Produtos de qualidade e equipe qualificada para atender bem e auxiliar voc\u00ea na escolha do produto adequado \u00e0 sua obra.<\/span>[vc_row_inner][vc_column_inner width=&#8221;1\/4&#8243;][vc_single_image image=&#8221;283&#8243; img_size=&#8221;400&#215;280&#8243; alignment=&#8221;center&#8221; css_animation=&#8221;appear&#8221;]<div class=\"to-spacer \" style=\"height:11px\"><\/div>[vc_column_text]<strong>ALAMBRADO GALVANIZADO<\/strong><\/p>\n<p>Tela utilizada para fechamento de \u00e1reas externas de modo geral \u00a0como terrenos, casas, condom\u00ednios, ind\u00fastrias, s\u00edtios, quadras, entre outros.[\/vc_column_text][\/vc_column_inner][vc_column_inner width=&#8221;1\/4&#8243;][vc_single_image image=&#8221;277&#8243; img_size=&#8221;400&#215;280&#8243; alignment=&#8221;center&#8221; css_animation=&#8221;appear&#8221;]<div class=\"to-spacer \" style=\"height:11px\"><\/div>[vc_column_text]<strong>ALAMBRADO PVC<\/strong><\/p>\n<p>Esse tipo de tela pode ser utilizada em diversas \u00e1reas como quadras poliesportivas, s\u00edtios, fazendas, cercado para animais ou resid\u00eancias.[\/vc_column_text][\/vc_column_inner][vc_column_inner width=&#8221;1\/4&#8243;][vc_single_image image=&#8221;276&#8243; img_size=&#8221;400&#215;280&#8243; alignment=&#8221;center&#8221; css_animation=&#8221;appear&#8221;]<div class=\"to-spacer \" style=\"height:11px\"><\/div>[vc_column_text]<strong>MOUR\u00d5ES DE CONCRETO<\/strong><\/p>\n<p>Utilizados na constru\u00e7\u00e3o de alambrados para fechamentos em s\u00edtios, \u00e1reas externas rurais ou urbanas, cercados e outras finalidades.[\/vc_column_text][\/vc_column_inner][vc_column_inner width=&#8221;1\/4&#8243;][vc_single_image image=&#8221;279&#8243; img_size=&#8221;400&#215;280&#8243; alignment=&#8221;center&#8221; css_animation=&#8221;appear&#8221;]<div class=\"to-spacer \" style=\"height:11px\"><\/div>[vc_column_text]<strong>TELAS ART\u00cdSTICAS<\/strong><\/p>\n<p>Utilizada em \u00e1reas urbanas e rurais para fechamento de casas ou empresas, cercados e outras finalidades que exigem um acabamento diferenciado.[\/vc_column_text][\/vc_column_inner][\/vc_row_inner][\/vc_column][\/vc_row][vc_row css=&#8221;.vc_custom_1475097550313{background-color: #e2e2e2 !important;}&#8221;][vc_column]<div class=\"to-spacer \" style=\"height:42px\"><\/div>[vc_column_text]<span class=\"subtitle txt-center h2\">Produzimos\u00a0e comercializamos telas e alambrados em Taubat\u00e9 e regi\u00e3o. S\u00e3o\u00a0produtos de excelente<strong class=\"accentColor\" style=\"font-size: 24px; font-weight: 400;\">\u00a0qualidade<\/strong>\u00a0em nosso segmento com atendimento r\u00e1pido e\u00a0<strong class=\"accentColor\" style=\"font-size: 24px; font-weight: 400;\">eficaz<\/strong>\u00a0voltado plenamente para a satisfa\u00e7\u00e3o de nossos clientes.<\/span>[\/vc_column_text]<div class=\"to-spacer \" style=\"height:42px\"><\/div><div class=\"to-spacer \" style=\"height:42px\"><\/div>[\/vc_column][\/vc_row][vc_row css=&#8221;.vc_custom_1475097562292{background-color: #e2e2e2 !important;}&#8221;][vc_column width=&#8221;1\/3&#8243;]<ul class=\"to-list-holder txt-left \" ><li class=\"to-list with-icon\" ><i class=\"to-icon steadysets-icon-checkmark pull-left\" data-anim-icon=\"swing\" style=\"color:#2c2e89\"><\/i><span>Estrutura de fabrica\u00e7\u00e3o;<\/span><\/li><li class=\"to-list with-icon\" ><i class=\"to-icon steadysets-icon-checkmark pull-left\" data-anim-icon=\"swing\" style=\"color:#2c2e89\"><\/i><span>Diversos tipos de telas;<\/span><\/li><li class=\"to-list with-icon\" ><i class=\"to-icon steadysets-icon-checkmark pull-left\" data-anim-icon=\"swing\" style=\"color:#2c2e89\"><\/i><span>Mat\u00e9rias primas de qualidade;<\/span><\/li><li class=\"to-list with-icon\" ><i class=\"to-icon steadysets-icon-checkmark pull-left\" data-anim-icon=\"swing\" style=\"color:#2c2e89\"><\/i><span>Atendimento para empresas e resid\u00eancias;<\/span><\/li><\/ul>[\/vc_column][vc_column width=&#8221;1\/3&#8243;]<ul class=\"to-list-holder txt-left \" ><li class=\"to-list with-icon\" ><i class=\"to-icon steadysets-icon-checkmark pull-left\" data-anim-icon=\"swing\" style=\"color:#2c2e89\"><\/i><span>Qualidade no acabamento;<\/span><\/li><li class=\"to-list with-icon\" ><i class=\"to-icon steadysets-icon-checkmark pull-left\" data-anim-icon=\"swing\" style=\"color:#2c2e89\"><\/i><span>Fabrica\u00e7\u00e3o, venda e instala\u00e7\u00e3o;<\/span><\/li><li class=\"to-list with-icon\" ><i class=\"to-icon steadysets-icon-checkmark pull-left\" data-anim-icon=\"swing\" style=\"color:#2c2e89\"><\/i><span>Telas e alambrados em Taubat\u00e9;<\/span><\/li><li class=\"to-list with-icon\" ><i class=\"to-icon steadysets-icon-checkmark pull-left\" data-anim-icon=\"swing\" style=\"color:#2c2e89\"><\/i><span>Atuando no mercado desde 1985;<\/span><\/li><\/ul>[\/vc_column][vc_column width=&#8221;1\/3&#8243;]<ul class=\"to-list-holder txt-left \" ><li class=\"to-list with-icon\" ><i class=\"to-icon steadysets-icon-checkmark pull-left\" data-anim-icon=\"swing\" style=\"color:#2c2e89\"><\/i><span>Facilidade de pagamento;<\/span><\/li><li class=\"to-list with-icon\" ><i class=\"to-icon steadysets-icon-checkmark pull-left\" data-anim-icon=\"swing\" style=\"color:#2c2e89\"><\/i><span>Or\u00e7amento sem compromisso;<\/span><\/li><li class=\"to-list with-icon\" ><i class=\"to-icon steadysets-icon-checkmark pull-left\" data-anim-icon=\"swing\" style=\"color:#2c2e89\"><\/i><span>Instala\u00e7\u00e3o de telas e mour\u00f5es;<\/span><\/li><li class=\"to-list with-icon\" ><i class=\"to-icon steadysets-icon-checkmark pull-left\" data-anim-icon=\"swing\" style=\"color:#2c2e89\"><\/i><span>Tradi\u00e7\u00e3o e qualidade<\/span><\/li><\/ul>[\/vc_column][\/vc_row][vc_row css=&#8221;.vc_custom_1475098484390{background-color: #e2e2e2 !important;}&#8221;][vc_column width=&#8221;1\/3&#8243;][\/vc_column][vc_column width=&#8221;1\/3&#8243;]<div class=\"to-spacer \" style=\"height:12px\"><\/div><a target=\"_self\" class=\"to-button small standard square to-button-bg  to-button-anim \" data-bgcolor=\"#ffffff\" data-color=\"#2c2e89\" style=\"color:#ffffff;background:#2c2e89;border-color:#2c2e89\" href=\"https:\/\/api.whatsapp.com\/send\/?phone=551236813977&amp;text&amp;app_absent=0\"><span style=\"color:#ffffff;\">OR\u00c7AMENTO<\/span><\/a><div class=\"to-spacer \" style=\"height:32px\"><\/div>[\/vc_column][vc_column width=&#8221;1\/3&#8243;][\/vc_column][\/vc_row]<\/p>\n","protected":false},"excerpt":{"rendered":"<p>[vc_row css=&#8221;.vc_custom_1423932559805{padding-top: 70px !important;padding-bottom: 70px !important;}&#8221;][vc_column][vc_row_inner][vc_column_inner width=&#8221;1\/4&#8243;][vc_single_image image=&#8221;283&#8243; img_size=&#8221;400&#215;280&#8243; alignment=&#8221;center&#8221; css_animation=&#8221;appear&#8221;][vc_column_text]ALAMBRADO GALVANIZADO Tela utilizada para fechamento de \u00e1reas externas de modo geral \u00a0como terrenos, casas, condom\u00ednios, ind\u00fastrias, s\u00edtios, quadras, entre outros.[\/vc_column_text][\/vc_column_inner][vc_column_inner width=&#8221;1\/4&#8243;][vc_single_image image=&#8221;277&#8243; img_size=&#8221;400&#215;280&#8243; alignment=&#8221;center&#8221; css_animation=&#8221;appear&#8221;][vc_column_text]ALAMBRADO PVC Esse tipo de tela pode ser utilizada em diversas \u00e1reas como quadras poliesportivas, s\u00edtios, fazendas, cercado para animais ou resid\u00eancias.[\/vc_column_text][\/vc_column_inner][vc_column_inner width=&#8221;1\/4&#8243;][vc_single_image image=&#8221;276&#8243; img_size=&#8221;400&#215;280&#8243; alignment=&#8221;center&#8221; css_animation=&#8221;appear&#8221;][vc_column_text]MOUR\u00d5ES DE CONCRETO Utilizados na constru\u00e7\u00e3o de alambrados para fechamentos em s\u00edtios, \u00e1reas externas rurais ou urbanas, cercados e outras finalidades.[\/vc_column_text][\/vc_column_inner][vc_column_inner width=&#8221;1\/4&#8243;][vc_single_image image=&#8221;279&#8243; img_size=&#8221;400&#215;280&#8243; alignment=&#8221;center&#8221; css_animation=&#8221;appear&#8221;][vc_column_text]TELAS ART\u00cdSTICAS Utilizada em \u00e1reas urbanas e rurais para fechamento de casas ou empresas, cercados e outras finalidades que exigem um acabamento diferenciado.[\/vc_column_text][\/vc_column_inner][\/vc_row_inner][\/vc_column][\/vc_row][vc_row css=&#8221;.vc_custom_1475097550313{background-color: #e2e2e2 !important;}&#8221;][vc_column][vc_column_text]Produzimos\u00a0e comercializamos telas e alambrados em Taubat\u00e9 e regi\u00e3o. S\u00e3o\u00a0produtos de excelente\u00a0qualidade\u00a0em nosso segmento com atendimento r\u00e1pido e\u00a0eficaz\u00a0voltado plenamente para a satisfa\u00e7\u00e3o de nossos clientes.[\/vc_column_text][\/vc_column][\/vc_row][vc_row css=&#8221;.vc_custom_1475097562292{background-color: #e2e2e2 !important;}&#8221;][vc_column width=&#8221;1\/3&#8243;][\/vc_column][vc_column width=&#8221;1\/3&#8243;][\/vc_column][vc_column width=&#8221;1\/3&#8243;][\/vc_column][\/vc_row][vc_row css=&#8221;.vc_custom_1475098484390{background-color: #e2e2e2 !important;}&#8221;][vc_column width=&#8221;1\/3&#8243;][\/vc_column][vc_column width=&#8221;1\/3&#8243;][\/vc_column][vc_column width=&#8221;1\/3&#8243;][\/vc_column][\/vc_row]<\/p>\n","protected":false},"author":1,"featured_media":0,"parent":0,"menu_order":0,"comment_status":"open","ping_status":"open","template":"","meta":[],"yoast_head":"<!-- This site is optimized with the Yoast SEO plugin v21.0 - https:\/\/yoast.com\/wordpress\/plugins\/seo\/ -->\n<title>Telas e Alambrados em Taubat\u00e9 | Taubatelas - Pre\u00e7o Baixo e Qualidade!<\/title>\n<meta name=\"description\" content=\"Fabrica\u00e7\u00e3o e instala\u00e7\u00e3o de telas e alambrados em Taubat\u00e9, mour\u00f5es e tela art\u00edstica. Produtos de \u00f3tima qualidade. Solicite or\u00e7amento.\" \/>\n<meta name=\"robots\" content=\"index, follow, max-snippet:-1, max-image-preview:large, max-video-preview:-1\" \/>\n<link rel=\"canonical\" href=\"https:\/\/taubatelas.com.br\/\" \/>\n<meta property=\"og:locale\" content=\"pt_BR\" \/>\n<meta property=\"og:type\" content=\"article\" \/>\n<meta property=\"og:title\" content=\"Telas e Alambrados em Taubat\u00e9 | Taubatelas - Pre\u00e7o Baixo e Qualidade!\" \/>\n<meta property=\"og:description\" content=\"Fabrica\u00e7\u00e3o e instala\u00e7\u00e3o de telas e alambrados em Taubat\u00e9, mour\u00f5es e tela art\u00edstica. Produtos de \u00f3tima qualidade. Solicite or\u00e7amento.\" \/>\n<meta property=\"og:url\" content=\"https:\/\/taubatelas.com.br\/\" \/>\n<meta property=\"og:site_name\" content=\"Taubatelas\" \/>\n<meta property=\"article:modified_time\" content=\"2026-03-16T16:57:51+00:00\" \/>\n<meta name=\"twitter:card\" content=\"summary_large_image\" \/>\n<meta name=\"twitter:label1\" content=\"Est. tempo de leitura\" \/>\n\t<meta name=\"twitter:data1\" content=\"2 minutos\" \/>\n<script type=\"application\/ld+json\" class=\"yoast-schema-graph\">{\"@context\":\"https:\/\/schema.org\",\"@graph\":[{\"@type\":\"WebPage\",\"@id\":\"https:\/\/taubatelas.com.br\/\",\"url\":\"https:\/\/taubatelas.com.br\/\",\"name\":\"Telas e Alambrados em Taubat\u00e9 | Taubatelas - Pre\u00e7o Baixo e Qualidade!\",\"isPartOf\":{\"@id\":\"https:\/\/taubatelas.com.br\/#website\"},\"datePublished\":\"2014-05-21T20:29:25+00:00\",\"dateModified\":\"2026-03-16T16:57:51+00:00\",\"description\":\"Fabrica\u00e7\u00e3o e instala\u00e7\u00e3o de telas e alambrados em Taubat\u00e9, mour\u00f5es e tela art\u00edstica. Produtos de \u00f3tima qualidade. Solicite or\u00e7amento.\",\"breadcrumb\":{\"@id\":\"https:\/\/taubatelas.com.br\/#breadcrumb\"},\"inLanguage\":\"pt-BR\",\"potentialAction\":[{\"@type\":\"ReadAction\",\"target\":[\"https:\/\/taubatelas.com.br\/\"]}]},{\"@type\":\"BreadcrumbList\",\"@id\":\"https:\/\/taubatelas.com.br\/#breadcrumb\",\"itemListElement\":[{\"@type\":\"ListItem\",\"position\":1,\"name\":\"In\u00edcio\",\"item\":\"https:\/\/taubatelas.com.br\/\"},{\"@type\":\"ListItem\",\"position\":2,\"name\":\"Telas e Alambrados em Taubat\u00e9 | Taubatelas\"}]},{\"@type\":\"WebSite\",\"@id\":\"https:\/\/taubatelas.com.br\/#website\",\"url\":\"https:\/\/taubatelas.com.br\/\",\"name\":\"Taubatelas\",\"description\":\"Telas, Alambrados e Mor\u00f5es do Concreto\",\"potentialAction\":[{\"@type\":\"SearchAction\",\"target\":{\"@type\":\"EntryPoint\",\"urlTemplate\":\"https:\/\/taubatelas.com.br\/?s={search_term_string}\"},\"query-input\":\"required name=search_term_string\"}],\"inLanguage\":\"pt-BR\"}]}<\/script>\n<!-- \/ Yoast SEO plugin. -->","yoast_head_json":{"title":"Telas e Alambrados em Taubat\u00e9 | Taubatelas - Pre\u00e7o Baixo e Qualidade!","description":"Fabrica\u00e7\u00e3o e instala\u00e7\u00e3o de telas e alambrados em Taubat\u00e9, mour\u00f5es e tela art\u00edstica. Produtos de \u00f3tima qualidade. Solicite or\u00e7amento.","robots":{"index":"index","follow":"follow","max-snippet":"max-snippet:-1","max-image-preview":"max-image-preview:large","max-video-preview":"max-video-preview:-1"},"canonical":"https:\/\/taubatelas.com.br\/","og_locale":"pt_BR","og_type":"article","og_title":"Telas e Alambrados em Taubat\u00e9 | Taubatelas - Pre\u00e7o Baixo e Qualidade!","og_description":"Fabrica\u00e7\u00e3o e instala\u00e7\u00e3o de telas e alambrados em Taubat\u00e9, mour\u00f5es e tela art\u00edstica. Produtos de \u00f3tima qualidade. Solicite or\u00e7amento.","og_url":"https:\/\/taubatelas.com.br\/","og_site_name":"Taubatelas","article_modified_time":"2026-03-16T16:57:51+00:00","twitter_card":"summary_large_image","twitter_misc":{"Est. tempo de leitura":"2 minutos"},"schema":{"@context":"https:\/\/schema.org","@graph":[{"@type":"WebPage","@id":"https:\/\/taubatelas.com.br\/","url":"https:\/\/taubatelas.com.br\/","name":"Telas e Alambrados em Taubat\u00e9 | Taubatelas - Pre\u00e7o Baixo e Qualidade!","isPartOf":{"@id":"https:\/\/taubatelas.com.br\/#website"},"datePublished":"2014-05-21T20:29:25+00:00","dateModified":"2026-03-16T16:57:51+00:00","description":"Fabrica\u00e7\u00e3o e instala\u00e7\u00e3o de telas e alambrados em Taubat\u00e9, mour\u00f5es e tela art\u00edstica. Produtos de \u00f3tima qualidade. Solicite or\u00e7amento.","breadcrumb":{"@id":"https:\/\/taubatelas.com.br\/#breadcrumb"},"inLanguage":"pt-BR","potentialAction":[{"@type":"ReadAction","target":["https:\/\/taubatelas.com.br\/"]}]},{"@type":"BreadcrumbList","@id":"https:\/\/taubatelas.com.br\/#breadcrumb","itemListElement":[{"@type":"ListItem","position":1,"name":"In\u00edcio","item":"https:\/\/taubatelas.com.br\/"},{"@type":"ListItem","position":2,"name":"Telas e Alambrados em Taubat\u00e9 | Taubatelas"}]},{"@type":"WebSite","@id":"https:\/\/taubatelas.com.br\/#website","url":"https:\/\/taubatelas.com.br\/","name":"Taubatelas","description":"Telas, Alambrados e Mor\u00f5es do Concreto","potentialAction":[{"@type":"SearchAction","target":{"@type":"EntryPoint","urlTemplate":"https:\/\/taubatelas.com.br\/?s={search_term_string}"},"query-input":"required name=search_term_string"}],"inLanguage":"pt-BR"}]}},"_links":{"self":[{"href":"https:\/\/taubatelas.com.br\/index.php?rest_route=\/wp\/v2\/pages\/39"}],"collection":[{"href":"https:\/\/taubatelas.com.br\/index.php?rest_route=\/wp\/v2\/pages"}],"about":[{"href":"https:\/\/taubatelas.com.br\/index.php?rest_route=\/wp\/v2\/types\/page"}],"author":[{"embeddable":true,"href":"https:\/\/taubatelas.com.br\/index.php?rest_route=\/wp\/v2\/users\/1"}],"replies":[{"embeddable":true,"href":"https:\/\/taubatelas.com.br\/index.php?rest_route=%2Fwp%2Fv2%2Fcomments&post=39"}],"version-history":[{"count":100,"href":"https:\/\/taubatelas.com.br\/index.php?rest_route=\/wp\/v2\/pages\/39\/revisions"}],"predecessor-version":[{"id":374,"href":"https:\/\/taubatelas.com.br\/index.php?rest_route=\/wp\/v2\/pages\/39\/revisions\/374"}],"wp:attachment":[{"href":"https:\/\/taubatelas.com.br\/index.php?rest_route=%2Fwp%2Fv2%2Fmedia&parent=39"}],"curies":[{"name":"wp","href":"https:\/\/api.w.org\/{rel}","templated":true}]}}