{"id":32,"date":"2014-03-07T23:16:22","date_gmt":"2014-03-07T23:16:22","guid":{"rendered":"http:\/\/localhost\/wordpress\/?page_id=32"},"modified":"2026-03-16T13:48:23","modified_gmt":"2026-03-16T16:48:23","slug":"entre-em-contato","status":"publish","type":"page","link":"https:\/\/taubatelas.com.br\/?page_id=32","title":{"rendered":"Entre em Contato"},"content":{"rendered":"<p>[vc_row txt_section_align=&#8221;txt-center&#8221; css=&#8221;.vc_custom_1423955975953{padding-top: 70px !important;padding-bottom: 70px !important;}&#8221;][vc_column]<h2 class=\"txt-center\" >Solicite or\u00e7amento &#8211; Telas e Mour\u00f5es de Concreto<\/h2>[\/vc_column][\/vc_row][vc_row css=&#8221;.vc_custom_1423956509531{padding-right: 0px !important;padding-bottom: 80px !important;padding-left: 0px !important;}&#8221;][vc_column width=&#8221;2\/3&#8243;]\n<div class=\"wpcf7 no-js\" id=\"wpcf7-f97-o1\" lang=\"pt-BR\" dir=\"ltr\">\n<div class=\"screen-reader-response\"><p role=\"status\" aria-live=\"polite\" aria-atomic=\"true\"><\/p> <ul><\/ul><\/div>\n<form action=\"\/index.php?rest_route=%2Fwp%2Fv2%2Fpages%2F32#wpcf7-f97-o1\" method=\"post\" class=\"wpcf7-form init\" aria-label=\"Formul\u00e1rios de contato\" novalidate=\"novalidate\" data-status=\"init\">\n<div style=\"display: none;\">\n<input type=\"hidden\" name=\"_wpcf7\" value=\"97\" \/>\n<input type=\"hidden\" name=\"_wpcf7_version\" value=\"5.8.7\" \/>\n<input type=\"hidden\" name=\"_wpcf7_locale\" value=\"pt_BR\" \/>\n<input type=\"hidden\" name=\"_wpcf7_unit_tag\" value=\"wpcf7-f97-o1\" \/>\n<input type=\"hidden\" name=\"_wpcf7_container_post\" value=\"0\" \/>\n<input type=\"hidden\" name=\"_wpcf7_posted_data_hash\" value=\"\" \/>\n<\/div>\n<p><label> Seu nome (obrigat\u00f3rio)<br \/>\n<span class=\"wpcf7-form-control-wrap\" data-name=\"your-name\"><input size=\"40\" class=\"wpcf7-form-control wpcf7-text wpcf7-validates-as-required\" aria-required=\"true\" aria-invalid=\"false\" value=\"\" type=\"text\" name=\"your-name\" \/><\/span> <\/label>\n<\/p>\n<p><label> Seu e-mail (obrigat\u00f3rio)<br \/>\n<span class=\"wpcf7-form-control-wrap\" data-name=\"your-email\"><input size=\"40\" class=\"wpcf7-form-control wpcf7-email wpcf7-validates-as-required wpcf7-text wpcf7-validates-as-email\" aria-required=\"true\" aria-invalid=\"false\" value=\"\" type=\"email\" name=\"your-email\" \/><\/span> <\/label>\n<\/p>\n<p><label> Assunto<br \/>\n<span class=\"wpcf7-form-control-wrap\" data-name=\"your-subject\"><input size=\"40\" class=\"wpcf7-form-control wpcf7-text\" aria-invalid=\"false\" value=\"\" type=\"text\" name=\"your-subject\" \/><\/span> <\/label>\n<\/p>\n<p><label> Sua mensagem<br \/>\n<span class=\"wpcf7-form-control-wrap\" data-name=\"your-message\"><textarea cols=\"40\" rows=\"10\" class=\"wpcf7-form-control wpcf7-textarea\" aria-invalid=\"false\" name=\"your-message\"><\/textarea><\/span> <\/label>\n<\/p>\n<p><input class=\"wpcf7-form-control wpcf7-submit has-spinner\" type=\"submit\" value=\"Enviar\" \/>\n<\/p><div class=\"wpcf7-response-output\" aria-hidden=\"true\"><\/div>\n<\/form>\n<\/div>\n[\/vc_column][vc_column width=&#8221;1\/3&#8243;]<h3 class=\"txt-left\" >Nossa empresa<\/h3>[vc_column_text]<strong>Mour\u00f5es de concreto,\u00a0<\/strong>telas para alambrado galvanizado, pvc e tela art\u00edstica. Contamos com equipe treinada para oferecer servi\u00e7os completos em nosso segmento. Fabricamos, vendemos e instalamos. Fale conosco e conhe\u00e7a toda nossa linha de produtos. Solicite or\u00e7amento.[\/vc_column_text]<div class=\"to-spacer \" style=\"height:19px\"><\/div><h3 class=\"txt-left\" >Informa\u00e7\u00e3o de Contato<\/h3>[vc_column_text]<strong>Mour\u00f5es de concreto<\/strong>\u00a0 e Telas &#8211; Taubatelas<\/p>\n<p>Hor\u00e1rio de funcionamento:<\/p>\n<p>Segunda a sexta: <strong>08h \u00e0s 18h\u00a0\u00a0<\/strong><br \/>\nS\u00e1bado: <strong>Atendimento por WhatsApp<\/strong><\/p>\n<p>Rua Prof. Aquilino Cyriaco Gra\u00e7a, 70 &#8211; Independ\u00eancia<\/p>\n<p>Taubat\u00e9 &#8211; S\u00e3o Paulo, CEP 12031-730<\/p>\n<p><strong>(12) 3681-3977<\/strong>[\/vc_column_text][\/vc_column][\/vc_row][vc_row css=&#8221;.vc_custom_1423956627575{padding-top: 100px !important;padding-bottom: 100px !important;background-color: #f5f6fa !important;}&#8221;][vc_column width=&#8221;1\/3&#8243;][vc_widget_sidebar sidebar_id=&#8221;sidebar-2&#8243;][\/vc_column][vc_column width=&#8221;1\/3&#8243;][vc_widget_sidebar sidebar_id=&#8221;sidebar-3&#8243;][\/vc_column][vc_column width=&#8221;1\/3&#8243;][vc_widget_sidebar sidebar_id=&#8221;sidebar-5&#8243;][\/vc_column][\/vc_row]<\/p>\n","protected":false},"excerpt":{"rendered":"<p>[vc_row txt_section_align=&#8221;txt-center&#8221; css=&#8221;.vc_custom_1423955975953{padding-top: 70px !important;padding-bottom: 70px !important;}&#8221;][vc_column][\/vc_column][\/vc_row][vc_row css=&#8221;.vc_custom_1423956509531{padding-right: 0px !important;padding-bottom: 80px !important;padding-left: 0px !important;}&#8221;][vc_column width=&#8221;2\/3&#8243;][\/vc_column][vc_column width=&#8221;1\/3&#8243;][vc_column_text]Mour\u00f5es de concreto,\u00a0telas para alambrado galvanizado, pvc e tela art\u00edstica. Contamos com equipe treinada para oferecer servi\u00e7os completos em nosso segmento. Fabricamos, vendemos e instalamos. Fale conosco e conhe\u00e7a toda nossa linha de produtos. Solicite or\u00e7amento.[\/vc_column_text][vc_column_text]Mour\u00f5es de concreto\u00a0 e Telas &#8211; Taubatelas Hor\u00e1rio de funcionamento: Segunda a sexta: 08h \u00e0s 18h\u00a0\u00a0 S\u00e1bado: Atendimento por WhatsApp Rua Prof. Aquilino Cyriaco Gra\u00e7a, 70 &#8211; Independ\u00eancia Taubat\u00e9 &#8211; S\u00e3o Paulo, CEP 12031-730 (12) 3681-3977[\/vc_column_text][\/vc_column][\/vc_row][vc_row css=&#8221;.vc_custom_1423956627575{padding-top: 100px !important;padding-bottom: 100px !important;background-color: #f5f6fa !important;}&#8221;][vc_column width=&#8221;1\/3&#8243;][vc_widget_sidebar sidebar_id=&#8221;sidebar-2&#8243;][\/vc_column][vc_column width=&#8221;1\/3&#8243;][vc_widget_sidebar sidebar_id=&#8221;sidebar-3&#8243;][\/vc_column][vc_column width=&#8221;1\/3&#8243;][vc_widget_sidebar sidebar_id=&#8221;sidebar-5&#8243;][\/vc_column][\/vc_row]<\/p>\n","protected":false},"author":1,"featured_media":0,"parent":0,"menu_order":0,"comment_status":"open","ping_status":"open","template":"","meta":[],"yoast_head":"<!-- This site is optimized with the Yoast SEO plugin v21.0 - https:\/\/yoast.com\/wordpress\/plugins\/seo\/ -->\n<title>Mour\u00f5es de concreto em Taubat\u00e9 | Taubatelas, Pre\u00e7o baixo \u00e9 aqui!<\/title>\n<meta name=\"description\" content=\"Mour\u00f5es de concreto, tela galvanizada, pvc e tela art\u00edstica. Fabricamos, vendemos e instalamos. Confira nossa linha completa. Solicite Or\u00e7amento.\" \/>\n<meta name=\"robots\" content=\"index, follow, max-snippet:-1, max-image-preview:large, max-video-preview:-1\" \/>\n<link rel=\"canonical\" href=\"https:\/\/taubatelas.com.br\/?page_id=32\" \/>\n<meta property=\"og:locale\" content=\"pt_BR\" \/>\n<meta property=\"og:type\" content=\"article\" \/>\n<meta property=\"og:title\" content=\"Mour\u00f5es de concreto em Taubat\u00e9 | Taubatelas, Pre\u00e7o baixo \u00e9 aqui!\" \/>\n<meta property=\"og:description\" content=\"Mour\u00f5es de concreto, tela galvanizada, pvc e tela art\u00edstica. Fabricamos, vendemos e instalamos. Confira nossa linha completa. Solicite Or\u00e7amento.\" \/>\n<meta property=\"og:url\" content=\"https:\/\/taubatelas.com.br\/?page_id=32\" \/>\n<meta property=\"og:site_name\" content=\"Taubatelas\" \/>\n<meta property=\"article:modified_time\" content=\"2026-03-16T16:48:23+00:00\" \/>\n<meta name=\"twitter:card\" content=\"summary_large_image\" \/>\n<meta name=\"twitter:label1\" content=\"Est. tempo de leitura\" \/>\n\t<meta name=\"twitter:data1\" content=\"1 minuto\" \/>\n<script type=\"application\/ld+json\" class=\"yoast-schema-graph\">{\"@context\":\"https:\/\/schema.org\",\"@graph\":[{\"@type\":\"WebPage\",\"@id\":\"https:\/\/taubatelas.com.br\/?page_id=32\",\"url\":\"https:\/\/taubatelas.com.br\/?page_id=32\",\"name\":\"Mour\u00f5es de concreto em Taubat\u00e9 | Taubatelas, Pre\u00e7o baixo \u00e9 aqui!\",\"isPartOf\":{\"@id\":\"https:\/\/taubatelas.com.br\/#website\"},\"datePublished\":\"2014-03-07T23:16:22+00:00\",\"dateModified\":\"2026-03-16T16:48:23+00:00\",\"description\":\"Mour\u00f5es de concreto, tela galvanizada, pvc e tela art\u00edstica. Fabricamos, vendemos e instalamos. Confira nossa linha completa. Solicite Or\u00e7amento.\",\"breadcrumb\":{\"@id\":\"https:\/\/taubatelas.com.br\/?page_id=32#breadcrumb\"},\"inLanguage\":\"pt-BR\",\"potentialAction\":[{\"@type\":\"ReadAction\",\"target\":[\"https:\/\/taubatelas.com.br\/?page_id=32\"]}]},{\"@type\":\"BreadcrumbList\",\"@id\":\"https:\/\/taubatelas.com.br\/?page_id=32#breadcrumb\",\"itemListElement\":[{\"@type\":\"ListItem\",\"position\":1,\"name\":\"In\u00edcio\",\"item\":\"https:\/\/taubatelas.com.br\/\"},{\"@type\":\"ListItem\",\"position\":2,\"name\":\"Entre em Contato\"}]},{\"@type\":\"WebSite\",\"@id\":\"https:\/\/taubatelas.com.br\/#website\",\"url\":\"https:\/\/taubatelas.com.br\/\",\"name\":\"Taubatelas\",\"description\":\"Telas, Alambrados e Mor\u00f5es do Concreto\",\"potentialAction\":[{\"@type\":\"SearchAction\",\"target\":{\"@type\":\"EntryPoint\",\"urlTemplate\":\"https:\/\/taubatelas.com.br\/?s={search_term_string}\"},\"query-input\":\"required name=search_term_string\"}],\"inLanguage\":\"pt-BR\"}]}<\/script>\n<!-- \/ Yoast SEO plugin. -->","yoast_head_json":{"title":"Mour\u00f5es de concreto em Taubat\u00e9 | Taubatelas, Pre\u00e7o baixo \u00e9 aqui!","description":"Mour\u00f5es de concreto, tela galvanizada, pvc e tela art\u00edstica. Fabricamos, vendemos e instalamos. Confira nossa linha completa. Solicite Or\u00e7amento.","robots":{"index":"index","follow":"follow","max-snippet":"max-snippet:-1","max-image-preview":"max-image-preview:large","max-video-preview":"max-video-preview:-1"},"canonical":"https:\/\/taubatelas.com.br\/?page_id=32","og_locale":"pt_BR","og_type":"article","og_title":"Mour\u00f5es de concreto em Taubat\u00e9 | Taubatelas, Pre\u00e7o baixo \u00e9 aqui!","og_description":"Mour\u00f5es de concreto, tela galvanizada, pvc e tela art\u00edstica. Fabricamos, vendemos e instalamos. Confira nossa linha completa. Solicite Or\u00e7amento.","og_url":"https:\/\/taubatelas.com.br\/?page_id=32","og_site_name":"Taubatelas","article_modified_time":"2026-03-16T16:48:23+00:00","twitter_card":"summary_large_image","twitter_misc":{"Est. tempo de leitura":"1 minuto"},"schema":{"@context":"https:\/\/schema.org","@graph":[{"@type":"WebPage","@id":"https:\/\/taubatelas.com.br\/?page_id=32","url":"https:\/\/taubatelas.com.br\/?page_id=32","name":"Mour\u00f5es de concreto em Taubat\u00e9 | Taubatelas, Pre\u00e7o baixo \u00e9 aqui!","isPartOf":{"@id":"https:\/\/taubatelas.com.br\/#website"},"datePublished":"2014-03-07T23:16:22+00:00","dateModified":"2026-03-16T16:48:23+00:00","description":"Mour\u00f5es de concreto, tela galvanizada, pvc e tela art\u00edstica. Fabricamos, vendemos e instalamos. Confira nossa linha completa. Solicite Or\u00e7amento.","breadcrumb":{"@id":"https:\/\/taubatelas.com.br\/?page_id=32#breadcrumb"},"inLanguage":"pt-BR","potentialAction":[{"@type":"ReadAction","target":["https:\/\/taubatelas.com.br\/?page_id=32"]}]},{"@type":"BreadcrumbList","@id":"https:\/\/taubatelas.com.br\/?page_id=32#breadcrumb","itemListElement":[{"@type":"ListItem","position":1,"name":"In\u00edcio","item":"https:\/\/taubatelas.com.br\/"},{"@type":"ListItem","position":2,"name":"Entre em Contato"}]},{"@type":"WebSite","@id":"https:\/\/taubatelas.com.br\/#website","url":"https:\/\/taubatelas.com.br\/","name":"Taubatelas","description":"Telas, Alambrados e Mor\u00f5es do Concreto","potentialAction":[{"@type":"SearchAction","target":{"@type":"EntryPoint","urlTemplate":"https:\/\/taubatelas.com.br\/?s={search_term_string}"},"query-input":"required name=search_term_string"}],"inLanguage":"pt-BR"}]}},"_links":{"self":[{"href":"https:\/\/taubatelas.com.br\/index.php?rest_route=\/wp\/v2\/pages\/32"}],"collection":[{"href":"https:\/\/taubatelas.com.br\/index.php?rest_route=\/wp\/v2\/pages"}],"about":[{"href":"https:\/\/taubatelas.com.br\/index.php?rest_route=\/wp\/v2\/types\/page"}],"author":[{"embeddable":true,"href":"https:\/\/taubatelas.com.br\/index.php?rest_route=\/wp\/v2\/users\/1"}],"replies":[{"embeddable":true,"href":"https:\/\/taubatelas.com.br\/index.php?rest_route=%2Fwp%2Fv2%2Fcomments&post=32"}],"version-history":[{"count":28,"href":"https:\/\/taubatelas.com.br\/index.php?rest_route=\/wp\/v2\/pages\/32\/revisions"}],"predecessor-version":[{"id":373,"href":"https:\/\/taubatelas.com.br\/index.php?rest_route=\/wp\/v2\/pages\/32\/revisions\/373"}],"wp:attachment":[{"href":"https:\/\/taubatelas.com.br\/index.php?rest_route=%2Fwp%2Fv2%2Fmedia&parent=32"}],"curies":[{"name":"wp","href":"https:\/\/api.w.org\/{rel}","templated":true}]}}